{"id":894,"date":"2022-04-12T08:33:34","date_gmt":"2022-04-12T08:33:34","guid":{"rendered":"https:\/\/restaurant-lespavois.com\/politica-de-privacidad\/"},"modified":"2024-04-19T09:36:15","modified_gmt":"2024-04-19T09:36:15","slug":"politica-de-privacidad","status":"publish","type":"page","link":"https:\/\/restaurant-lespavois.com\/es\/politica-de-privacidad\/","title":{"rendered":"POL\u00cdTICA DE PRIVACIDAD"},"content":{"rendered":"<p>[et_pb_section fb_built=\u00bb1&#8243; theme_builder_area=\u00bbpost_content\u00bb _builder_version=\u00bb4.17.0&#8243; _module_preset=\u00bbdefault\u00bb][et_pb_row _builder_version=\u00bb4.17.0&#8243; _module_preset=\u00bbdefault\u00bb theme_builder_area=\u00bbpost_content\u00bb][et_pb_column _builder_version=\u00bb4.17.0&#8243; _module_preset=\u00bbdefault\u00bb type=\u00bb4_4&#8243; theme_builder_area=\u00bbpost_content\u00bb][et_pb_text _builder_version=\u00bb4.17.0&#8243; _module_preset=\u00bbdefault\u00bb theme_builder_area=\u00bbpost_content\u00bb text_font=\u00bbPoppins|300|||||||\u00bb text_font_size=\u00bb17px\u00bb hover_enabled=\u00bb0&#8243; sticky_enabled=\u00bb0&#8243;]<\/p>\n<h1>POL\u00cdTICA DE PRIVACIDAD<\/h1>\n<p>Tu privacidad es importante para nosotros. La pol\u00edtica de LES PAVOIS es respetar tu privacidad y cumplir las leyes y normativas aplicables en relaci\u00f3n con cualquier informaci\u00f3n personal que podamos recopilar sobre ti, incluso a trav\u00e9s de nuestro sitio web, https:\/\/restaurant-lespavois.com\/, y otros sitios que poseamos y gestionemos.<\/p>\n<p>Esta pol\u00edtica es efectiva a partir del 12 de abril de 2022 y fue actualizada por \u00faltima vez el 12 de abril de 2022.<\/p>\n<h3>Informaci\u00f3n que recogemos<\/h3>\n<p>La informaci\u00f3n que recopilamos incluye tanto la informaci\u00f3n que nos proporcionas consciente y activamente al utilizar o participar en cualquiera de nuestros servicios y promociones, como cualquier informaci\u00f3n enviada autom\u00e1ticamente por tus dispositivos en el curso del acceso a nuestros productos y servicios.<\/p>\n<h4>Datos de registro<\/h4>\n<p>Cuando visitas nuestro sitio web, nuestros servidores pueden registrar autom\u00e1ticamente los datos est\u00e1ndar proporcionados por tu navegador web. Puede incluir la direcci\u00f3n del Protocolo de Internet (IP) de tu dispositivo, el tipo y la versi\u00f3n de tu navegador, las p\u00e1ginas que visitas, la hora y la fecha de tu visita, el tiempo que pasas en cada p\u00e1gina, otros detalles sobre tu visita y detalles t\u00e9cnicos que se producen junto con los errores que puedas encontrar.<\/p>\n<p>Ten en cuenta que, aunque esta informaci\u00f3n puede no ser personalmente identificable por s\u00ed misma, puede ser posible combinarla con otros datos para identificar personalmente a personas individuales.<\/p>\n<h4>Informaci\u00f3n personal<\/h4>\n<p>Podemos solicitar informaci\u00f3n personal que puede incluir uno o m\u00e1s de los siguientes datos:<\/p>\n<ul>\n<li>Nombre<\/li>\n<li>Env\u00eda un correo electr\u00f3nico a<\/li>\n<li>Tel\u00e9fono\/m\u00f3vil<\/li>\n<li>Domicilio\/direcci\u00f3n postal<\/li>\n<\/ul>\n<h4>Razones leg\u00edtimas para tratar tus datos personales<\/h4>\n<p>S\u00f3lo recogemos y utilizamos tus datos personales cuando tenemos un motivo leg\u00edtimo para hacerlo. En cuyo caso, s\u00f3lo recogemos la informaci\u00f3n personal que es razonablemente necesaria para prestarte nuestros servicios.<\/p>\n<h4>Recogida y uso de la informaci\u00f3n<\/h4>\n<p>Podemos recopilar informaci\u00f3n personal sobre ti cuando hagas cualquiera de las siguientes cosas en nuestro sitio web:<\/p>\n<ul>\n<li>Utilizar un dispositivo m\u00f3vil o un navegador web para acceder a nuestros contenidos<\/li>\n<li>Ponte en contacto con nosotros por correo electr\u00f3nico, redes sociales o cualquier tecnolog\u00eda similar<\/li>\n<li>Cuando nos menciones en las redes sociales<\/li>\n<\/ul>\n<p>Podemos recoger, conservar, utilizar y revelar informaci\u00f3n para los siguientes fines, y la informaci\u00f3n personal no se procesar\u00e1 de forma incompatible con estos fines:<\/p>\n<p>Podemos recoger, conservar, utilizar y revelar informaci\u00f3n para los siguientes fines, y la informaci\u00f3n personal no se procesar\u00e1 de forma incompatible con estos fines:<\/p>\n<ul>\n<li>para ponernos en contacto y comunicarnos contigo<\/li>\n<\/ul>\n<p>Ten en cuenta que podemos combinar la informaci\u00f3n que recopilamos sobre ti con informaci\u00f3n general o datos de investigaci\u00f3n que recibimos de otras fuentes de confianza.<\/p>\n<h4>Seguridad de tus datos personales<\/h4>\n<p>Cuando recopilemos y procesemos informaci\u00f3n personal, y mientras conservemos esta informaci\u00f3n, la protegeremos con medios comercialmente aceptables para evitar p\u00e9rdidas y robos, as\u00ed como el acceso, la divulgaci\u00f3n, la copia, el uso o la modificaci\u00f3n no autorizados.<\/p>\n<p>Aunque haremos todo lo posible para proteger la informaci\u00f3n personal que nos facilites, te advertimos de que ning\u00fan m\u00e9todo de transmisi\u00f3n o almacenamiento electr\u00f3nico es seguro al 100%, y nadie puede garantizar la seguridad absoluta de los datos. Cumpliremos las leyes que nos sean aplicables en relaci\u00f3n con cualquier violaci\u00f3n de datos.<\/p>\n<p>Eres responsable de seleccionar cualquier contrase\u00f1a y de su nivel de seguridad general, garantizando la seguridad de tu propia informaci\u00f3n dentro de los l\u00edmites de nuestros servicios.<\/p>\n<h4>Cu\u00e1nto tiempo conservamos tus datos personales<\/h4>\n<p>Conservamos tus datos personales s\u00f3lo el tiempo necesario. Este periodo de tiempo puede depender del uso que hagamos de tu informaci\u00f3n, de acuerdo con esta pol\u00edtica de privacidad. Si tu informaci\u00f3n personal ya no es necesaria, la borraremos o la haremos an\u00f3nima eliminando todos los detalles que te identifiquen.<\/p>\n<p>Sin embargo, si es necesario, podemos conservar tus datos personales para cumplir con una obligaci\u00f3n legal, contable o de informaci\u00f3n, o para fines de archivo en inter\u00e9s p\u00fablico, fines de investigaci\u00f3n cient\u00edfica o hist\u00f3rica o fines estad\u00edsticos.<\/p>\n<h3>Privacidad infantil<\/h3>\n<p>No dirigimos ninguno de nuestros productos o servicios directamente a ni\u00f1os menores de 13 a\u00f1os, y no recopilamos conscientemente informaci\u00f3n personal sobre ni\u00f1os menores de 13 a\u00f1os.<\/p>\n<h3>Divulgaci\u00f3n de informaci\u00f3n personal a terceros<\/h3>\n<p>Podemos revelar informaci\u00f3n personal a:<\/p>\n<ul>\n<li>una empresa matriz, filial o afiliada de nuestra empresa<\/li>\n<li>terceros proveedores de servicios con el fin de permitirles prestar sus servicios, por ejemplo, proveedores de servicios inform\u00e1ticos, proveedores de almacenamiento de datos, alojamiento y servidores, anunciantes o plataformas de an\u00e1lisis<\/li>\n<li>nuestros empleados, contratistas y\/o entidades relacionadas<\/li>\n<li>nuestros agentes o socios comerciales actuales o potenciales<\/li>\n<li>patrocinadores o promotores de cualquier concurso, sorteo o promoci\u00f3n que organicemos<\/li>\n<li>juzgados, tribunales, autoridades reguladoras y funcionarios encargados de hacer cumplir la ley, seg\u00fan lo exija la ley, en relaci\u00f3n con cualquier procedimiento judicial actual o futuro, o para establecer, ejercer o defender nuestros derechos legales<\/li>\n<li>terceros, incluidos agentes o subcontratistas, que nos ayudan a proporcionarte informaci\u00f3n, productos, servicios o marketing directo terceros para recopilar y procesar datos<\/li>\n<\/ul>\n<h3>Transferencias internacionales de datos personales<\/h3>\n<p>La informaci\u00f3n personal que recopilamos se almacena y\/o procesa donde nosotros o nuestros socios, afiliados y proveedores externos mantenemos instalaciones. Ten en cuenta que los lugares a los que almacenamos, procesamos o transferimos tu informaci\u00f3n personal pueden no tener las mismas leyes de protecci\u00f3n de datos que el pa\u00eds en el que proporcionaste inicialmente la informaci\u00f3n. Si transferimos tu informaci\u00f3n personal a terceros en otros pa\u00edses: (i) realizaremos dichas transferencias de conformidad con los requisitos de la legislaci\u00f3n aplicable; y (ii) protegeremos la informaci\u00f3n personal transferida de acuerdo con esta pol\u00edtica de privacidad.<\/p>\n<h3>Tus derechos y el control de tus datos personales<\/h3>\n<p>Siempre conservas el derecho a no facilitarnos informaci\u00f3n personal, entendiendo que tu experiencia en nuestro sitio web puede verse afectada. No te discriminaremos por ejercer cualquiera de tus derechos sobre tu informaci\u00f3n personal. Si nos proporcionas informaci\u00f3n personal, entiendes que la recopilaremos, conservaremos, utilizaremos y divulgaremos de acuerdo con esta pol\u00edtica de privacidad. Conservas el derecho a solicitar detalles de cualquier informaci\u00f3n personal que tengamos sobre ti.<\/p>\n<p>Si recibimos informaci\u00f3n personal sobre ti de un tercero, la protegeremos como se establece en esta pol\u00edtica de privacidad. Si eres un tercero que proporciona informaci\u00f3n personal sobre otra persona, declaras y garantizas que tienes el consentimiento de dicha persona para proporcionarnos la informaci\u00f3n personal.<\/p>\n<p>Si previamente has aceptado que utilicemos tus datos personales con fines de marketing directo, puedes cambiar de opini\u00f3n en cualquier momento. Te proporcionaremos la posibilidad de darte de baja de nuestra base de datos de correo electr\u00f3nico o de optar por no recibir comunicaciones. Ten en cuenta que es posible que necesitemos pedirte informaci\u00f3n espec\u00edfica que nos ayude a confirmar tu identidad.<\/p>\n<p>Si crees que alguna informaci\u00f3n que tenemos sobre ti es inexacta, obsoleta, incompleta, irrelevante o enga\u00f1osa, ponte en contacto con nosotros utilizando los datos que figuran en esta pol\u00edtica de privacidad. Tomaremos medidas razonables para corregir cualquier informaci\u00f3n que resulte inexacta, incompleta, enga\u00f1osa o anticuada.<\/p>\n<p>Si crees que hemos infringido una ley de protecci\u00f3n de datos pertinente y deseas presentar una reclamaci\u00f3n, ponte en contacto con nosotros utilizando los datos que figuran a continuaci\u00f3n y facil\u00edtanos todos los detalles de la presunta infracci\u00f3n. Investigaremos sin demora tu queja y te responderemos, por escrito, exponiendo el resultado de nuestra investigaci\u00f3n y los pasos que daremos para tramitarla. Tambi\u00e9n tienes derecho a ponerte en contacto con un organismo regulador o una autoridad de protecci\u00f3n de datos en relaci\u00f3n con tu reclamaci\u00f3n.<\/p>\n<h3>Uso de cookies<\/h3>\n<p>Utilizamos \u00abcookies\u00bb para recopilar informaci\u00f3n sobre ti y tu actividad en nuestro sitio. Una cookie es un peque\u00f1o fragmento de datos que nuestro sitio web almacena en tu ordenador, y al que accede cada vez que lo visitas, para que podamos entender c\u00f3mo utilizas nuestro sitio. Esto nos ayuda a ofrecerte contenidos basados en las preferencias que hayas especificado.<\/p>\n<h3>L\u00edmites de nuestra pol\u00edtica<\/h3>\n<p>Nuestro sitio web puede enlazar con sitios externos no gestionados por nosotros. Ten en cuenta que no tenemos control sobre el contenido y las pol\u00edticas de esos sitios, y no podemos aceptar responsabilidad alguna por sus respectivas pr\u00e1cticas de privacidad.<\/p>\n<h3>Cambios en esta pol\u00edtica<\/h3>\n<p>A nuestra discreci\u00f3n, podemos cambiar nuestra pol\u00edtica de privacidad para reflejar actualizaciones de nuestros procesos empresariales, pr\u00e1cticas aceptables actuales o cambios legislativos o normativos. Si decidimos cambiar esta pol\u00edtica de privacidad, publicaremos los cambios aqu\u00ed, en el mismo enlace por el que est\u00e1s accediendo a esta pol\u00edtica de privacidad.<\/p>\n<p>Si lo exige la ley, obtendremos tu permiso o te daremos la oportunidad de aceptar o rechazar, seg\u00fan proceda, cualquier nuevo uso de tus datos personales.<\/p>\n<h3>Contacta con nosotros<\/h3>\n<p>Para cualquier pregunta o duda sobre tu privacidad, puedes ponerte en contacto con nosotros utilizando los siguientes datos:<\/p>\n<p>Yves LONCLE &amp; Matthieu SANSOT<br \/>lespavois@yahoo.fr<\/p>\n<p>[\/et_pb_text][\/et_pb_column][\/et_pb_row][\/et_pb_section]<\/p>\n","protected":false},"excerpt":{"rendered":"<p>POL\u00cdTICA DE PRIVACIDAD Tu privacidad es importante para nosotros. La pol\u00edtica de LES PAVOIS es respetar tu privacidad y cumplir las leyes y normativas aplicables en relaci\u00f3n con cualquier informaci\u00f3n personal que podamos recopilar sobre ti, incluso a trav\u00e9s de nuestro sitio web, https:\/\/restaurant-lespavois.com\/, y otros sitios que poseamos y gestionemos. Esta pol\u00edtica es efectiva [&hellip;]<\/p>\n","protected":false},"author":1,"featured_media":0,"parent":0,"menu_order":0,"comment_status":"closed","ping_status":"closed","template":"","meta":{"_et_pb_use_builder":"on","_et_pb_old_content":"","_et_gb_content_width":"","footnotes":""},"class_list":["post-894","page","type-page","status-publish","hentry"],"_links":{"self":[{"href":"https:\/\/restaurant-lespavois.com\/es\/wp-json\/wp\/v2\/pages\/894","targetHints":{"allow":["GET"]}}],"collection":[{"href":"https:\/\/restaurant-lespavois.com\/es\/wp-json\/wp\/v2\/pages"}],"about":[{"href":"https:\/\/restaurant-lespavois.com\/es\/wp-json\/wp\/v2\/types\/page"}],"author":[{"embeddable":true,"href":"https:\/\/restaurant-lespavois.com\/es\/wp-json\/wp\/v2\/users\/1"}],"replies":[{"embeddable":true,"href":"https:\/\/restaurant-lespavois.com\/es\/wp-json\/wp\/v2\/comments?post=894"}],"version-history":[{"count":2,"href":"https:\/\/restaurant-lespavois.com\/es\/wp-json\/wp\/v2\/pages\/894\/revisions"}],"predecessor-version":[{"id":896,"href":"https:\/\/restaurant-lespavois.com\/es\/wp-json\/wp\/v2\/pages\/894\/revisions\/896"}],"wp:attachment":[{"href":"https:\/\/restaurant-lespavois.com\/es\/wp-json\/wp\/v2\/media?parent=894"}],"curies":[{"name":"wp","href":"https:\/\/api.w.org\/{rel}","templated":true}]}}